{"id":10,"date":"2025-07-25T06:10:22","date_gmt":"2025-07-25T06:10:22","guid":{"rendered":"https:\/\/cudnakapiel.pl\/?page_id=9"},"modified":"2025-07-25T06:10:22","modified_gmt":"2025-07-25T06:10:22","slug":"o-blogu","status":"publish","type":"page","link":"https:\/\/cudnakapiel.pl\/?page_id=10","title":{"rendered":"O blogu"},"content":{"rendered":"\n<p>&#8222;Go\u015bcinny Zak\u0105tek&#8221; to blog dla tych, kt\u00f3rzy wierz\u0105, \u017ce miejsce ma znaczenie. Dzielimy si\u0119 tutaj wiedz\u0105 o organizacji wydarze\u0144, inspiracjami wn\u0119trzarskimi i praktycznymi wskaz\u00f3wkami z zakresu hotelarstwa, SPA i bran\u017cy \u015blubnej. Ka\u017cdy wpis to przemy\u015blana opowie\u015b\u0107 o tym, jak stworzy\u0107 przestrze\u0144, kt\u00f3ra b\u0119dzie t\u0142em najwa\u017cniejszych moment\u00f3w.<\/p>\n\n\n\n<figure class=\"wp-block-pullquote\"><blockquote><p>\u2728 Wskaz\u00f3wki dotycz\u0105ce organizacji wesel, konferencji i przyj\u0119\u0107 okoliczno\u015bciowych <br>\u2728 Inspiracje dotycz\u0105ce aran\u017cacji sal, hoteli i stref relaksu <br>\u2728 Kulisy pracy bran\u017cy hotelarskiej i eventowej <br>\u2728 Porady dla par m\u0142odych i organizator\u00f3w wydarze\u0144 <br>\u2728 Historie miejsc, kt\u00f3re sta\u0142y si\u0119 scen\u0105 niezapomnianych chwil<\/p><\/blockquote><\/figure>\n","protected":false},"excerpt":{"rendered":"<p>&#8222;Go\u015bcinny Zak\u0105tek&#8221; to blog dla tych, kt\u00f3rzy wierz\u0105, \u017ce miejsce ma znaczenie. Dzielimy si\u0119 tutaj wiedz\u0105 o organizacji wydarze\u0144, inspiracjami wn\u0119trzarskimi i praktycznymi wskaz\u00f3wkami z zakresu hotelarstwa, SPA i bran\u017cy \u015blubnej. Ka\u017cdy wpis to przemy\u015blana opowie\u015b\u0107 o tym, jak stworzy\u0107 przestrze\u0144, kt\u00f3ra b\u0119dzie t\u0142em najwa\u017cniejszych moment\u00f3w. \u2728 Wskaz\u00f3wki dotycz\u0105ce organizacji wesel, konferencji i przyj\u0119\u0107 okoliczno\u015bciowych [&hellip;]<\/p>\n","protected":false},"author":1,"featured_media":0,"parent":0,"menu_order":0,"comment_status":"closed","ping_status":"closed","template":"","meta":{"footnotes":""},"class_list":["post-10","page","type-page","status-publish","hentry"],"_links":{"self":[{"href":"https:\/\/cudnakapiel.pl\/index.php?rest_route=\/wp\/v2\/pages\/10","targetHints":{"allow":["GET"]}}],"collection":[{"href":"https:\/\/cudnakapiel.pl\/index.php?rest_route=\/wp\/v2\/pages"}],"about":[{"href":"https:\/\/cudnakapiel.pl\/index.php?rest_route=\/wp\/v2\/types\/page"}],"author":[{"embeddable":true,"href":"https:\/\/cudnakapiel.pl\/index.php?rest_route=\/wp\/v2\/users\/1"}],"replies":[{"embeddable":true,"href":"https:\/\/cudnakapiel.pl\/index.php?rest_route=%2Fwp%2Fv2%2Fcomments&post=10"}],"version-history":[{"count":0,"href":"https:\/\/cudnakapiel.pl\/index.php?rest_route=\/wp\/v2\/pages\/10\/revisions"}],"wp:attachment":[{"href":"https:\/\/cudnakapiel.pl\/index.php?rest_route=%2Fwp%2Fv2%2Fmedia&parent=10"}],"curies":[{"name":"wp","href":"https:\/\/api.w.org\/{rel}","templated":true}]}}